{"id":690,"date":"2025-01-20T23:33:36","date_gmt":"2025-01-20T23:33:36","guid":{"rendered":"https:\/\/portomarinahotel.com\/?page_id=690"},"modified":"2026-02-20T14:25:19","modified_gmt":"2026-02-20T19:25:19","slug":"blog","status":"publish","type":"page","link":"https:\/\/portomarinahotel.com\/en\/blog\/","title":{"rendered":"Blog"},"content":{"rendered":"<div data-elementor-type=\"wp-page\" data-elementor-id=\"690\" class=\"elementor elementor-690\" data-elementor-post-type=\"page\">\n\t\t\t\t<div data-dce-background-image-url=\"http:\/\/portomarinahotel.com\/wp-content\/uploads\/2024\/12\/3508655270723369628.jpg\" class=\"elementor-element elementor-element-5345d02 e-flex e-con-boxed e-con e-parent\" data-id=\"5345d02\" data-element_type=\"container\" data-settings=\"{&quot;background_background&quot;:&quot;classic&quot;}\">\n\t\t\t\t\t<div class=\"e-con-inner\">\n\t\t\t\t\t<\/div>\n\t\t\t\t<\/div>\n\t\t<div class=\"elementor-element elementor-element-28665dd e-flex e-con-boxed e-con e-parent\" data-id=\"28665dd\" data-element_type=\"container\">\n\t\t\t\t\t<div class=\"e-con-inner\">\n\t\t\t\t<div class=\"elementor-element elementor-element-2b81539 elementor-widget elementor-widget-heading\" data-id=\"2b81539\" data-element_type=\"widget\" data-widget_type=\"heading.default\">\n\t\t\t\t<div class=\"elementor-widget-container\">\n\t\t\t\t\t<h2 class=\"elementor-heading-title elementor-size-default\">Blog<\/h2>\t\t\t\t<\/div>\n\t\t\t\t<\/div>\n\t\t\t\t<div class=\"elementor-element elementor-element-63e93ab elementor-grid-3 elementor-grid-tablet-2 elementor-grid-mobile-1 elementor-posts--thumbnail-top elementor-card-shadow-yes elementor-posts__hover-gradient elementor-widget elementor-widget-posts\" data-id=\"63e93ab\" data-element_type=\"widget\" data-settings=\"{&quot;pagination_type&quot;:&quot;numbers_and_prev_next&quot;,&quot;cards_columns&quot;:&quot;3&quot;,&quot;cards_columns_tablet&quot;:&quot;2&quot;,&quot;cards_columns_mobile&quot;:&quot;1&quot;,&quot;cards_row_gap&quot;:{&quot;unit&quot;:&quot;px&quot;,&quot;size&quot;:35,&quot;sizes&quot;:[]},&quot;cards_row_gap_tablet&quot;:{&quot;unit&quot;:&quot;px&quot;,&quot;size&quot;:&quot;&quot;,&quot;sizes&quot;:[]},&quot;cards_row_gap_mobile&quot;:{&quot;unit&quot;:&quot;px&quot;,&quot;size&quot;:&quot;&quot;,&quot;sizes&quot;:[]}}\" data-widget_type=\"posts.cards\">\n\t\t\t\t<div class=\"elementor-widget-container\">\n\t\t\t\t\t\t\t<div class=\"elementor-posts-container elementor-posts elementor-posts--skin-cards elementor-grid\">\n\t\t\t\t<article class=\"elementor-post elementor-grid-item post-1335 post type-post status-publish format-standard has-post-thumbnail hentry category-blog\">\n\t\t\t<div class=\"elementor-post__card\">\n\t\t\t\t<a class=\"elementor-post__thumbnail__link\" href=\"https:\/\/portomarinahotel.com\/en\/blog-cocina-nikkei-en-guatape\/\" tabindex=\"-1\"><div class=\"elementor-post__thumbnail\"><img fetchpriority=\"high\" decoding=\"async\" width=\"300\" height=\"200\" src=\"https:\/\/portomarinahotel.com\/wp-content\/uploads\/2025\/09\/La-1er-cocina-Nikkei-en-Guatape-la-exquisita-fusion-que-une-Japon-Peru-y-Colombia-300x200.webp\" class=\"attachment-medium size-medium wp-image-1400\" alt=\"La 1er cocina Nikkei en Guatape la exquisita fusi\u00f3n que une Jap\u00f3n, Per\u00fa y Colombia\" srcset=\"https:\/\/portomarinahotel.com\/wp-content\/uploads\/2025\/09\/La-1er-cocina-Nikkei-en-Guatape-la-exquisita-fusion-que-une-Japon-Peru-y-Colombia-300x200.webp 300w, https:\/\/portomarinahotel.com\/wp-content\/uploads\/2025\/09\/La-1er-cocina-Nikkei-en-Guatape-la-exquisita-fusion-que-une-Japon-Peru-y-Colombia-768x512.webp 768w, https:\/\/portomarinahotel.com\/wp-content\/uploads\/2025\/09\/La-1er-cocina-Nikkei-en-Guatape-la-exquisita-fusion-que-une-Japon-Peru-y-Colombia-18x12.webp 18w, https:\/\/portomarinahotel.com\/wp-content\/uploads\/2025\/09\/La-1er-cocina-Nikkei-en-Guatape-la-exquisita-fusion-que-une-Japon-Peru-y-Colombia.webp 850w\" sizes=\"(max-width: 300px) 100vw, 300px\" \/><\/div><\/a>\n\t\t\t\t<div class=\"elementor-post__text\">\n\t\t\t\t<h3 class=\"elementor-post__title\">\n\t\t\t<a href=\"https:\/\/portomarinahotel.com\/en\/blog-cocina-nikkei-en-guatape\/\">\n\t\t\t\tThe 1st Nikkei cuisine in Guatap\u00e9: the exquisite fusion that unites Japan, Peru and Colombia\t\t\t<\/a>\n\t\t<\/h3>\n\t\t\t\t<div class=\"elementor-post__excerpt\">\n\t\t\t<p>Did you know that one of the most innovative cooking styles in the world was born from the encounter between Japan and Peru? Nikkei gastronomy is the result of<\/p>\n\t\t<\/div>\n\t\t\n\t\t<a class=\"elementor-post__read-more\" href=\"https:\/\/portomarinahotel.com\/en\/blog-cocina-nikkei-en-guatape\/\" aria-label=\"Read more about The 1st Nikkei Cuisine in Guatap\u00e9: the exquisite fusion that unites Japan, Peru and Colombia\" tabindex=\"-1\">\n\t\t\tRead more \"\t\t<\/a>\n\n\t\t\t\t<\/div>\n\t\t\t\t<div class=\"elementor-post__meta-data\">\n\t\t\t\t\t<span class=\"elementor-post-date\">\n\t\t\tSeptember 2, 2025\t\t<\/span>\n\t\t\t\t<\/div>\n\t\t\t\t\t<\/div>\n\t\t<\/article>\n\t\t\t\t<article class=\"elementor-post elementor-grid-item post-1287 post type-post status-publish format-standard has-post-thumbnail hentry category-blog\">\n\t\t\t<div class=\"elementor-post__card\">\n\t\t\t\t<a class=\"elementor-post__thumbnail__link\" href=\"https:\/\/portomarinahotel.com\/en\/que-es-la-gastronomia-nikkei\/\" tabindex=\"-1\"><div class=\"elementor-post__thumbnail\"><img decoding=\"async\" width=\"300\" height=\"218\" src=\"https:\/\/portomarinahotel.com\/wp-content\/uploads\/2025\/06\/Donde-Comer-en-Guatape-Que-es-la-gastronomia-Nikkei-de-la-Bandeja-Paisa-a-la-Alta-Gastronomia-300x218.webp\" class=\"attachment-medium size-medium wp-image-1313\" alt=\"D\u00f3nde Comer en Guatap\u00e9 Qu\u00e9 es la gastronom\u00eda Nikkei de la Bandeja Paisa a la Alta Gastronom\u00eda.\" srcset=\"https:\/\/portomarinahotel.com\/wp-content\/uploads\/2025\/06\/Donde-Comer-en-Guatape-Que-es-la-gastronomia-Nikkei-de-la-Bandeja-Paisa-a-la-Alta-Gastronomia-300x218.webp 300w, https:\/\/portomarinahotel.com\/wp-content\/uploads\/2025\/06\/Donde-Comer-en-Guatape-Que-es-la-gastronomia-Nikkei-de-la-Bandeja-Paisa-a-la-Alta-Gastronomia-768x557.webp 768w, https:\/\/portomarinahotel.com\/wp-content\/uploads\/2025\/06\/Donde-Comer-en-Guatape-Que-es-la-gastronomia-Nikkei-de-la-Bandeja-Paisa-a-la-Alta-Gastronomia-18x12.webp 18w, https:\/\/portomarinahotel.com\/wp-content\/uploads\/2025\/06\/Donde-Comer-en-Guatape-Que-es-la-gastronomia-Nikkei-de-la-Bandeja-Paisa-a-la-Alta-Gastronomia.webp 827w\" sizes=\"(max-width: 300px) 100vw, 300px\" \/><\/div><\/a>\n\t\t\t\t<div class=\"elementor-post__text\">\n\t\t\t\t<h3 class=\"elementor-post__title\">\n\t\t\t<a href=\"https:\/\/portomarinahotel.com\/en\/que-es-la-gastronomia-nikkei\/\">\n\t\t\t\tWhere to Eat in Guatap\u00e9: What is Nikkei gastronomy? From Bandeja Paisa to Haute Cuisine.\t\t\t<\/a>\n\t\t<\/h3>\n\t\t\t\t<div class=\"elementor-post__excerpt\">\n\t\t\t<p>In recent years, this Antioquian destination, which is attractive to locals and tourists alike for its natural wonders, has also been gaining prominence due to its<\/p>\n\t\t<\/div>\n\t\t\n\t\t<a class=\"elementor-post__read-more\" href=\"https:\/\/portomarinahotel.com\/en\/que-es-la-gastronomia-nikkei\/\" aria-label=\"Read more about Where to Eat in Guatap\u00e9: What is Nikkei Gastronomy? From Bandeja Paisa to Haute Cuisine.\" tabindex=\"-1\">\n\t\t\tRead more \"\t\t<\/a>\n\n\t\t\t\t<\/div>\n\t\t\t\t<div class=\"elementor-post__meta-data\">\n\t\t\t\t\t<span class=\"elementor-post-date\">\n\t\t\tJuly 10, 2025\t\t<\/span>\n\t\t\t\t<\/div>\n\t\t\t\t\t<\/div>\n\t\t<\/article>\n\t\t\t\t<article class=\"elementor-post elementor-grid-item post-1243 post type-post status-publish format-standard has-post-thumbnail hentry category-blog\">\n\t\t\t<div class=\"elementor-post__card\">\n\t\t\t\t<a class=\"elementor-post__thumbnail__link\" href=\"https:\/\/portomarinahotel.com\/en\/descubriendo-guatape-antioquia\/\" tabindex=\"-1\"><div class=\"elementor-post__thumbnail\"><img decoding=\"async\" width=\"300\" height=\"209\" src=\"https:\/\/portomarinahotel.com\/wp-content\/uploads\/2025\/06\/Descubriendo_Guatape_Antioquia_Que_hacer_donde_hospedarse_y_como_llegar-300x209.webp\" class=\"attachment-medium size-medium wp-image-1256\" alt=\"Descubriendo_Guatape_Antioquia_Que_hacer_donde_hospedarse_y_como_llegar\" srcset=\"https:\/\/portomarinahotel.com\/wp-content\/uploads\/2025\/06\/Descubriendo_Guatape_Antioquia_Que_hacer_donde_hospedarse_y_como_llegar-300x209.webp 300w, https:\/\/portomarinahotel.com\/wp-content\/uploads\/2025\/06\/Descubriendo_Guatape_Antioquia_Que_hacer_donde_hospedarse_y_como_llegar-18x12.webp 18w, https:\/\/portomarinahotel.com\/wp-content\/uploads\/2025\/06\/Descubriendo_Guatape_Antioquia_Que_hacer_donde_hospedarse_y_como_llegar.webp 582w\" sizes=\"(max-width: 300px) 100vw, 300px\" \/><\/div><\/a>\n\t\t\t\t<div class=\"elementor-post__text\">\n\t\t\t\t<h3 class=\"elementor-post__title\">\n\t\t\t<a href=\"https:\/\/portomarinahotel.com\/en\/descubriendo-guatape-antioquia\/\">\n\t\t\t\tDiscovering Guatap\u00e9, Antioquia: What to do, where to stay and how to get there\t\t\t<\/a>\n\t\t<\/h3>\n\t\t\t\t<div class=\"elementor-post__excerpt\">\n\t\t\t<p>Discover Guatap\u00e9, located in the heart of eastern Antioquia, a destination that steals glances and hearts. Its colorful houses with sockets that tell stories and<\/p>\n\t\t<\/div>\n\t\t\n\t\t<a class=\"elementor-post__read-more\" href=\"https:\/\/portomarinahotel.com\/en\/descubriendo-guatape-antioquia\/\" aria-label=\"Read more about Discovering Guatap\u00e9, Antioquia: What to do, where to stay and how to get there\" tabindex=\"-1\">\n\t\t\tRead more \"\t\t<\/a>\n\n\t\t\t\t<\/div>\n\t\t\t\t<div class=\"elementor-post__meta-data\">\n\t\t\t\t\t<span class=\"elementor-post-date\">\n\t\t\tJune 17, 2025\t\t<\/span>\n\t\t\t\t<\/div>\n\t\t\t\t\t<\/div>\n\t\t<\/article>\n\t\t\t\t<article class=\"elementor-post elementor-grid-item post-1208 post type-post status-publish format-standard has-post-thumbnail hentry category-blog\">\n\t\t\t<div class=\"elementor-post__card\">\n\t\t\t\t<a class=\"elementor-post__thumbnail__link\" href=\"https:\/\/portomarinahotel.com\/en\/porto-marina-mas-que-un-hotel\/\" tabindex=\"-1\"><div class=\"elementor-post__thumbnail\"><img loading=\"lazy\" decoding=\"async\" width=\"300\" height=\"225\" src=\"https:\/\/portomarinahotel.com\/wp-content\/uploads\/2025\/05\/Porto_Marina_mas_que_un_hotel_una_experiencia_par_a_todos_los_sentidos_en_Guatape-300x225.webp\" class=\"attachment-medium size-medium wp-image-1211\" alt=\"Descubriendo_Guatape_Antioquia_Que_hacer_donde_hospedarse_y_como_llegar_hoteles\" srcset=\"https:\/\/portomarinahotel.com\/wp-content\/uploads\/2025\/05\/Porto_Marina_mas_que_un_hotel_una_experiencia_par_a_todos_los_sentidos_en_Guatape-300x225.webp 300w, https:\/\/portomarinahotel.com\/wp-content\/uploads\/2025\/05\/Porto_Marina_mas_que_un_hotel_una_experiencia_par_a_todos_los_sentidos_en_Guatape-768x575.webp 768w, https:\/\/portomarinahotel.com\/wp-content\/uploads\/2025\/05\/Porto_Marina_mas_que_un_hotel_una_experiencia_par_a_todos_los_sentidos_en_Guatape-16x12.webp 16w, https:\/\/portomarinahotel.com\/wp-content\/uploads\/2025\/05\/Porto_Marina_mas_que_un_hotel_una_experiencia_par_a_todos_los_sentidos_en_Guatape.webp 935w\" sizes=\"(max-width: 300px) 100vw, 300px\" \/><\/div><\/a>\n\t\t\t\t<div class=\"elementor-post__text\">\n\t\t\t\t<h3 class=\"elementor-post__title\">\n\t\t\t<a href=\"https:\/\/portomarinahotel.com\/en\/porto-marina-mas-que-un-hotel\/\">\n\t\t\t\tPorto Marina: more than a hotel, an experience for all the senses in Guatap\u00e9.\t\t\t<\/a>\n\t\t<\/h3>\n\t\t\t\t<div class=\"elementor-post__excerpt\">\n\t\t\t<p>When you visit Guatap\u00e9, you're not just looking for a place to sleep. You're looking for unforgettable landscapes, surprising flavors and an authentic connection with nature. Porto Marina Hotel<\/p>\n\t\t<\/div>\n\t\t\n\t\t<a class=\"elementor-post__read-more\" href=\"https:\/\/portomarinahotel.com\/en\/porto-marina-mas-que-un-hotel\/\" aria-label=\"Read more about Porto Marina: more than a hotel, an experience for all the senses in Guatap\u00e9\" tabindex=\"-1\">\n\t\t\tRead more \"\t\t<\/a>\n\n\t\t\t\t<\/div>\n\t\t\t\t<div class=\"elementor-post__meta-data\">\n\t\t\t\t\t<span class=\"elementor-post-date\">\n\t\t\tMay 29, 2025\t\t<\/span>\n\t\t\t\t<\/div>\n\t\t\t\t\t<\/div>\n\t\t<\/article>\n\t\t\t\t<article class=\"elementor-post elementor-grid-item post-1182 post type-post status-publish format-standard has-post-thumbnail hentry category-blog\">\n\t\t\t<div class=\"elementor-post__card\">\n\t\t\t\t<a class=\"elementor-post__thumbnail__link\" href=\"https:\/\/portomarinahotel.com\/en\/deportes-acuaticos-para-ir-de-turismo-guatape\/\" tabindex=\"-1\"><div class=\"elementor-post__thumbnail\"><img loading=\"lazy\" decoding=\"async\" width=\"300\" height=\"189\" src=\"https:\/\/portomarinahotel.com\/wp-content\/uploads\/2025\/05\/5-deportes-foto-1-300x189.webp\" class=\"attachment-medium size-medium wp-image-1183\" alt=\"deportes_acuaticos_en_guatape_antioquia_wakesurf\" srcset=\"https:\/\/portomarinahotel.com\/wp-content\/uploads\/2025\/05\/5-deportes-foto-1-300x189.webp 300w, https:\/\/portomarinahotel.com\/wp-content\/uploads\/2025\/05\/5-deportes-foto-1-768x484.webp 768w, https:\/\/portomarinahotel.com\/wp-content\/uploads\/2025\/05\/5-deportes-foto-1-18x12.webp 18w, https:\/\/portomarinahotel.com\/wp-content\/uploads\/2025\/05\/5-deportes-foto-1.webp 800w\" sizes=\"(max-width: 300px) 100vw, 300px\" \/><\/div><\/a>\n\t\t\t\t<div class=\"elementor-post__text\">\n\t\t\t\t<h3 class=\"elementor-post__title\">\n\t\t\t<a href=\"https:\/\/portomarinahotel.com\/en\/deportes-acuaticos-para-ir-de-turismo-guatape\/\">\n\t\t\t\t5 water sports to go sightseeing in Guatap\u00e9, Antioquia\t\t\t<\/a>\n\t\t<\/h3>\n\t\t\t\t<div class=\"elementor-post__excerpt\">\n\t\t\t<p>Guatap\u00e9, Antioquia, is the most touristic destination east of Medell\u00edn; just a couple of hours from the capital of Antioquia, it is famous for its<\/p>\n\t\t<\/div>\n\t\t\n\t\t<a class=\"elementor-post__read-more\" href=\"https:\/\/portomarinahotel.com\/en\/deportes-acuaticos-para-ir-de-turismo-guatape\/\" aria-label=\"Read more about 5 water sports to go sightseeing in Guatap\u00e9, Antioquia\" tabindex=\"-1\">\n\t\t\tRead more \"\t\t<\/a>\n\n\t\t\t\t<\/div>\n\t\t\t\t<div class=\"elementor-post__meta-data\">\n\t\t\t\t\t<span class=\"elementor-post-date\">\n\t\t\tMay 16, 2025\t\t<\/span>\n\t\t\t\t<\/div>\n\t\t\t\t\t<\/div>\n\t\t<\/article>\n\t\t\t\t<article class=\"elementor-post elementor-grid-item post-1056 post type-post status-publish format-standard has-post-thumbnail hentry category-blog\">\n\t\t\t<div class=\"elementor-post__card\">\n\t\t\t\t<a class=\"elementor-post__thumbnail__link\" href=\"https:\/\/portomarinahotel.com\/en\/blog-wedding-planner-mi-boada-en-guatape\/\" tabindex=\"-1\"><div class=\"elementor-post__thumbnail\"><img loading=\"lazy\" decoding=\"async\" width=\"268\" height=\"300\" src=\"https:\/\/portomarinahotel.com\/wp-content\/uploads\/2025\/03\/wedding-planer_mi-boda-en-guatape-antioquia-2-268x300.webp\" class=\"attachment-medium size-medium wp-image-1062\" alt=\"wedding planer_mi boda en guatape antioquia\" srcset=\"https:\/\/portomarinahotel.com\/wp-content\/uploads\/2025\/03\/wedding-planer_mi-boda-en-guatape-antioquia-2-268x300.webp 268w, https:\/\/portomarinahotel.com\/wp-content\/uploads\/2025\/03\/wedding-planer_mi-boda-en-guatape-antioquia-2-768x858.webp 768w, https:\/\/portomarinahotel.com\/wp-content\/uploads\/2025\/03\/wedding-planer_mi-boda-en-guatape-antioquia-2-11x12.webp 11w, https:\/\/portomarinahotel.com\/wp-content\/uploads\/2025\/03\/wedding-planer_mi-boda-en-guatape-antioquia-2.webp 852w\" sizes=\"(max-width: 268px) 100vw, 268px\" \/><\/div><\/a>\n\t\t\t\t<div class=\"elementor-post__text\">\n\t\t\t\t<h3 class=\"elementor-post__title\">\n\t\t\t<a href=\"https:\/\/portomarinahotel.com\/en\/blog-wedding-planner-mi-boada-en-guatape\/\">\n\t\t\t\tMy wedding in Guatap\u00e9: what I learned from my wedding planner\t\t\t<\/a>\n\t\t<\/h3>\n\t\t\t\t<div class=\"elementor-post__excerpt\">\n\t\t\t<p>Like many women, getting married has been one of the dreams I've had since I was a little girl.<\/p>\n\t\t<\/div>\n\t\t\n\t\t<a class=\"elementor-post__read-more\" href=\"https:\/\/portomarinahotel.com\/en\/blog-wedding-planner-mi-boada-en-guatape\/\" aria-label=\"Read more about My wedding in Guatap\u00e9: what I learned from my wedding planner\" tabindex=\"-1\">\n\t\t\tRead more \"\t\t<\/a>\n\n\t\t\t\t<\/div>\n\t\t\t\t<div class=\"elementor-post__meta-data\">\n\t\t\t\t\t<span class=\"elementor-post-date\">\n\t\t\tMarch 29, 2025\t\t<\/span>\n\t\t\t\t<\/div>\n\t\t\t\t\t<\/div>\n\t\t<\/article>\n\t\t\t\t<\/div>\n\t\t\n\t\t\t\t\t\t<\/div>\n\t\t\t\t<\/div>\n\t\t\t\t\t<\/div>\n\t\t\t\t<\/div>\n\t\t\t\t<\/div>","protected":false},"excerpt":{"rendered":"<p>Blog<\/p>","protected":false},"author":1,"featured_media":0,"parent":0,"menu_order":0,"comment_status":"closed","ping_status":"closed","template":"","meta":{"rank_math_lock_modified_date":false,"footnotes":""},"class_list":["post-690","page","type-page","status-publish","hentry"],"_links":{"self":[{"href":"https:\/\/portomarinahotel.com\/en\/wp-json\/wp\/v2\/pages\/690","targetHints":{"allow":["GET"]}}],"collection":[{"href":"https:\/\/portomarinahotel.com\/en\/wp-json\/wp\/v2\/pages"}],"about":[{"href":"https:\/\/portomarinahotel.com\/en\/wp-json\/wp\/v2\/types\/page"}],"author":[{"embeddable":true,"href":"https:\/\/portomarinahotel.com\/en\/wp-json\/wp\/v2\/users\/1"}],"replies":[{"embeddable":true,"href":"https:\/\/portomarinahotel.com\/en\/wp-json\/wp\/v2\/comments?post=690"}],"version-history":[{"count":1,"href":"https:\/\/portomarinahotel.com\/en\/wp-json\/wp\/v2\/pages\/690\/revisions"}],"predecessor-version":[{"id":1591,"href":"https:\/\/portomarinahotel.com\/en\/wp-json\/wp\/v2\/pages\/690\/revisions\/1591"}],"wp:attachment":[{"href":"https:\/\/portomarinahotel.com\/en\/wp-json\/wp\/v2\/media?parent=690"}],"curies":[{"name":"wp","href":"https:\/\/api.w.org\/{rel}","templated":true}]}}